{"id":260,"date":"2015-10-13T15:25:30","date_gmt":"2015-10-13T13:25:30","guid":{"rendered":"http:\/\/www.albertodiaz.net\/alberto-diaz\/"},"modified":"2025-02-24T16:13:00","modified_gmt":"2025-02-24T15:13:00","slug":"alberto-diaz","status":"publish","type":"page","link":"https:\/\/www.albertodiaz.net\/ca\/","title":{"rendered":"Alberto D\u00edaz"},"content":{"rendered":"\t\t<div data-elementor-type=\"wp-page\" data-elementor-id=\"260\" class=\"elementor elementor-260 elementor-10\" data-elementor-post-type=\"page\">\n\t\t\t\t<div class=\"elementor-element elementor-element-e238b5e e-flex e-con-boxed e-con e-parent\" data-id=\"e238b5e\" data-element_type=\"container\" data-e-type=\"container\" data-settings=\"{&quot;sticky&quot;:&quot;top&quot;,&quot;sticky_on&quot;:[&quot;desktop&quot;,&quot;tablet&quot;],&quot;background_background&quot;:&quot;classic&quot;,&quot;sticky_offset&quot;:0,&quot;sticky_effects_offset&quot;:0,&quot;sticky_anchor_link_offset&quot;:0}\">\n\t\t\t\t\t<div class=\"e-con-inner\">\n\t\t\t\t\t<\/div>\n\t\t\t\t<\/div>\n\t\t\t\t<\/div>\n\t\t","protected":false},"excerpt":{"rendered":"","protected":false},"author":3,"featured_media":0,"parent":0,"menu_order":0,"comment_status":"closed","ping_status":"closed","template":"","meta":{"footnotes":""},"class_list":["post-260","page","type-page","status-publish","hentry"],"yoast_head":"<!-- This site is optimized with the Yoast SEO plugin v27.6 - https:\/\/yoast.com\/product\/yoast-seo-wordpress\/ -->\n<title>Alberto D\u00edaz | Actor<\/title>\n<meta name=\"description\" content=\"P\u00e0gina web oficial de l&#039;actor Alberto D\u00edaz. Amb videobook, fotos i curr\u00edculum.\" \/>\n<meta name=\"robots\" content=\"index, follow, max-snippet:-1, max-image-preview:large, max-video-preview:-1\" \/>\n<link rel=\"canonical\" href=\"https:\/\/www.albertodiaz.net\/ca\/alberto-diaz\/\" \/>\n<meta name=\"twitter:card\" content=\"summary_large_image\" \/>\n<meta name=\"twitter:title\" content=\"Alberto D\u00edaz | Actor\" \/>\n<meta name=\"twitter:description\" content=\"P\u00e0gina web oficial de l&#039;actor Alberto D\u00edaz. Amb videobook, fotos i curr\u00edculum.\" \/>\n<meta name=\"twitter:label1\" content=\"Est. reading time\" \/>\n\t<meta name=\"twitter:data1\" content=\"1 minute\" \/>\n<script type=\"application\/ld+json\" class=\"yoast-schema-graph\">{\"@context\":\"https:\\\/\\\/schema.org\",\"@graph\":[{\"@type\":\"WebPage\",\"@id\":\"https:\\\/\\\/www.albertodiaz.net\\\/ca\\\/alberto-diaz\\\/\",\"url\":\"https:\\\/\\\/www.albertodiaz.net\\\/ca\\\/alberto-diaz\\\/\",\"name\":\"Alberto D\u00edaz | Actor\",\"isPartOf\":{\"@id\":\"https:\\\/\\\/www.albertodiaz.net\\\/#website\"},\"datePublished\":\"2015-10-13T13:25:30+00:00\",\"dateModified\":\"2025-02-24T15:13:00+00:00\",\"description\":\"P\u00e0gina web oficial de l'actor Alberto D\u00edaz. Amb videobook, fotos i curr\u00edculum.\",\"breadcrumb\":{\"@id\":\"https:\\\/\\\/www.albertodiaz.net\\\/ca\\\/alberto-diaz\\\/#breadcrumb\"},\"inLanguage\":\"ca\",\"potentialAction\":[{\"@type\":\"ReadAction\",\"target\":[\"https:\\\/\\\/www.albertodiaz.net\\\/ca\\\/alberto-diaz\\\/\"]}]},{\"@type\":\"BreadcrumbList\",\"@id\":\"https:\\\/\\\/www.albertodiaz.net\\\/ca\\\/alberto-diaz\\\/#breadcrumb\",\"itemListElement\":[{\"@type\":\"ListItem\",\"position\":1,\"name\":\"Portada\",\"item\":\"https:\\\/\\\/www.albertodiaz.net\\\/ca\\\/alberto-diaz\\\/\"},{\"@type\":\"ListItem\",\"position\":2,\"name\":\"Alberto D\u00edaz\"}]},{\"@type\":\"WebSite\",\"@id\":\"https:\\\/\\\/www.albertodiaz.net\\\/#website\",\"url\":\"https:\\\/\\\/www.albertodiaz.net\\\/\",\"name\":\"Alberto D\u00edaz\",\"description\":\"Actor\",\"publisher\":{\"@id\":\"https:\\\/\\\/www.albertodiaz.net\\\/#\\\/schema\\\/person\\\/7590e2f11e4cc624aedc8fe965d1f08b\"},\"potentialAction\":[{\"@type\":\"SearchAction\",\"target\":{\"@type\":\"EntryPoint\",\"urlTemplate\":\"https:\\\/\\\/www.albertodiaz.net\\\/?s={search_term_string}\"},\"query-input\":{\"@type\":\"PropertyValueSpecification\",\"valueRequired\":true,\"valueName\":\"search_term_string\"}}],\"inLanguage\":\"ca\"},{\"@type\":[\"Person\",\"Organization\"],\"@id\":\"https:\\\/\\\/www.albertodiaz.net\\\/#\\\/schema\\\/person\\\/7590e2f11e4cc624aedc8fe965d1f08b\",\"name\":\"Alberto Diaz\",\"image\":{\"@type\":\"ImageObject\",\"inLanguage\":\"ca\",\"@id\":\"https:\\\/\\\/www.albertodiaz.net\\\/wp-content\\\/uploads\\\/2020\\\/04\\\/alberto-diaz-actor-05.jpg\",\"url\":\"https:\\\/\\\/www.albertodiaz.net\\\/wp-content\\\/uploads\\\/2020\\\/04\\\/alberto-diaz-actor-05.jpg\",\"contentUrl\":\"https:\\\/\\\/www.albertodiaz.net\\\/wp-content\\\/uploads\\\/2020\\\/04\\\/alberto-diaz-actor-05.jpg\",\"width\":1000,\"height\":666,\"caption\":\"Alberto Diaz\"},\"logo\":{\"@id\":\"https:\\\/\\\/www.albertodiaz.net\\\/wp-content\\\/uploads\\\/2020\\\/04\\\/alberto-diaz-actor-05.jpg\"}}]}<\/script>\n<!-- \/ Yoast SEO plugin. -->","yoast_head_json":{"title":"Alberto D\u00edaz | Actor","description":"P\u00e0gina web oficial de l'actor Alberto D\u00edaz. Amb videobook, fotos i curr\u00edculum.","robots":{"index":"index","follow":"follow","max-snippet":"max-snippet:-1","max-image-preview":"max-image-preview:large","max-video-preview":"max-video-preview:-1"},"canonical":"https:\/\/www.albertodiaz.net\/ca\/alberto-diaz\/","twitter_card":"summary_large_image","twitter_title":"Alberto D\u00edaz | Actor","twitter_description":"P\u00e0gina web oficial de l'actor Alberto D\u00edaz. Amb videobook, fotos i curr\u00edculum.","twitter_misc":{"Est. reading time":"1 minute"},"schema":{"@context":"https:\/\/schema.org","@graph":[{"@type":"WebPage","@id":"https:\/\/www.albertodiaz.net\/ca\/alberto-diaz\/","url":"https:\/\/www.albertodiaz.net\/ca\/alberto-diaz\/","name":"Alberto D\u00edaz | Actor","isPartOf":{"@id":"https:\/\/www.albertodiaz.net\/#website"},"datePublished":"2015-10-13T13:25:30+00:00","dateModified":"2025-02-24T15:13:00+00:00","description":"P\u00e0gina web oficial de l'actor Alberto D\u00edaz. Amb videobook, fotos i curr\u00edculum.","breadcrumb":{"@id":"https:\/\/www.albertodiaz.net\/ca\/alberto-diaz\/#breadcrumb"},"inLanguage":"ca","potentialAction":[{"@type":"ReadAction","target":["https:\/\/www.albertodiaz.net\/ca\/alberto-diaz\/"]}]},{"@type":"BreadcrumbList","@id":"https:\/\/www.albertodiaz.net\/ca\/alberto-diaz\/#breadcrumb","itemListElement":[{"@type":"ListItem","position":1,"name":"Portada","item":"https:\/\/www.albertodiaz.net\/ca\/alberto-diaz\/"},{"@type":"ListItem","position":2,"name":"Alberto D\u00edaz"}]},{"@type":"WebSite","@id":"https:\/\/www.albertodiaz.net\/#website","url":"https:\/\/www.albertodiaz.net\/","name":"Alberto D\u00edaz","description":"Actor","publisher":{"@id":"https:\/\/www.albertodiaz.net\/#\/schema\/person\/7590e2f11e4cc624aedc8fe965d1f08b"},"potentialAction":[{"@type":"SearchAction","target":{"@type":"EntryPoint","urlTemplate":"https:\/\/www.albertodiaz.net\/?s={search_term_string}"},"query-input":{"@type":"PropertyValueSpecification","valueRequired":true,"valueName":"search_term_string"}}],"inLanguage":"ca"},{"@type":["Person","Organization"],"@id":"https:\/\/www.albertodiaz.net\/#\/schema\/person\/7590e2f11e4cc624aedc8fe965d1f08b","name":"Alberto Diaz","image":{"@type":"ImageObject","inLanguage":"ca","@id":"https:\/\/www.albertodiaz.net\/wp-content\/uploads\/2020\/04\/alberto-diaz-actor-05.jpg","url":"https:\/\/www.albertodiaz.net\/wp-content\/uploads\/2020\/04\/alberto-diaz-actor-05.jpg","contentUrl":"https:\/\/www.albertodiaz.net\/wp-content\/uploads\/2020\/04\/alberto-diaz-actor-05.jpg","width":1000,"height":666,"caption":"Alberto Diaz"},"logo":{"@id":"https:\/\/www.albertodiaz.net\/wp-content\/uploads\/2020\/04\/alberto-diaz-actor-05.jpg"}}]}},"_links":{"self":[{"href":"https:\/\/www.albertodiaz.net\/ca\/wp-json\/wp\/v2\/pages\/260","targetHints":{"allow":["GET"]}}],"collection":[{"href":"https:\/\/www.albertodiaz.net\/ca\/wp-json\/wp\/v2\/pages"}],"about":[{"href":"https:\/\/www.albertodiaz.net\/ca\/wp-json\/wp\/v2\/types\/page"}],"author":[{"embeddable":true,"href":"https:\/\/www.albertodiaz.net\/ca\/wp-json\/wp\/v2\/users\/3"}],"replies":[{"embeddable":true,"href":"https:\/\/www.albertodiaz.net\/ca\/wp-json\/wp\/v2\/comments?post=260"}],"version-history":[{"count":3,"href":"https:\/\/www.albertodiaz.net\/ca\/wp-json\/wp\/v2\/pages\/260\/revisions"}],"predecessor-version":[{"id":2530,"href":"https:\/\/www.albertodiaz.net\/ca\/wp-json\/wp\/v2\/pages\/260\/revisions\/2530"}],"wp:attachment":[{"href":"https:\/\/www.albertodiaz.net\/ca\/wp-json\/wp\/v2\/media?parent=260"}],"curies":[{"name":"wp","href":"https:\/\/api.w.org\/{rel}","templated":true}]}}